{"id":668,"date":"2025-03-29T12:28:25","date_gmt":"2025-03-29T11:28:25","guid":{"rendered":"https:\/\/nuggets.youtheclub.eu\/?page_id=668"},"modified":"2025-06-07T11:08:57","modified_gmt":"2025-06-07T09:08:57","slug":"m-about-the-project","status":"publish","type":"page","link":"https:\/\/nuggets.youtheclub.eu\/tr\/m-about-the-project\/","title":{"rendered":"Proje Hakk\u0131nda"},"content":{"rendered":"\n<div class=\"wp-block-group alignfull has-base-2-background-color has-background has-global-padding is-layout-constrained wp-container-core-group-is-layout-669513ed wp-block-group-is-layout-constrained\" style=\"margin-top:0;margin-bottom:0;padding-top:var(--wp--preset--spacing--50);padding-right:var(--wp--preset--spacing--50);padding-bottom:var(--wp--preset--spacing--50);padding-left:var(--wp--preset--spacing--50)\">\n<p class=\"has-text-align-center\">Bir dil se\u00e7iniz<\/p>\n\n\n\n<p class=\"has-text-align-center\"><a href=\"https:\/\/nuggets.youtheclub.eu\/en\/m\">\u0130ngilizce<\/a>\u00a0|\u00a0<a href=\"https:\/\/nuggets.youtheclub.eu\/fr\/m\">Frans\u0131zca<\/a>\u00a0|\u00a0<a href=\"https:\/\/nuggets.youtheclub.eu\/el\/m\">Yunanca<\/a>\u00a0|\u00a0<a href=\"https:\/\/nuggets.youtheclub.eu\/ar\/m\">Arap\u00e7a<\/a>\u00a0|\u00a0<a href=\"https:\/\/nuggets.youtheclub.eu\/tr\/m\">T\u00fcrk\u00e7e<\/a><\/p>\n\n\n\n<p><\/p>\n\n\n\n<p><strong>The YES Hub &#8211; Youth Entrepreneurs Social Hub<\/strong>, Avrupa Birli\u011fi\u2019nin Erasmus+ Program\u0131 kapsam\u0131nda finanse edilen uluslararas\u0131 bir projedir. Bu proje, \u00f6zellikle daha az f\u0131rsata sahip gen\u00e7lerin sosyal giri\u015fimcilik ve vatanda\u015fl\u0131k kat\u0131l\u0131m\u0131 alanlar\u0131nda beceriler geli\u015ftirmelerini desteklemeyi ama\u00e7lamaktad\u0131r. <a class=\"\" href=\"http:\/\/www.youtheclub.eu\">www.youtheclub.eu<\/a> \u00e7evrimi\u00e7i platformu ve mobil uygulamas\u0131 arac\u0131l\u0131\u011f\u0131yla proje, gen\u00e7lerin fikirlerini somut topluluk giri\u015fimlerine ve sosyal i\u015fletmelere d\u00f6n\u00fc\u015ft\u00fcrmelerine yard\u0131mc\u0131 olacak etkile\u015fimli e\u011fitimler, mentorluk ve a\u011f kurma f\u0131rsatlar\u0131 sunmaktad\u0131r.<\/p>\n\n\n\n<p>Proje \u015fu alt\u0131 g\u00fc\u00e7l\u00fc orta\u011f\u0131n i\u015f birli\u011fiyle y\u00fcr\u00fct\u00fclmektedir: Monopatia Allilegiis (Yunanistan), Al-Emad Alkabeer for Training and Development Co. (\u00dcrd\u00fcn), Association de Volontariat et Echange Culturel et Action des Jeunes &#8211; AVEC (Tunus), Orta Do\u011fu Teknik \u00dcniversitesi &#8211; ODT\u00dc (T\u00fcrkiye), Arrimage Good\u2019iles (Fransa), ve Training Without Borders (M\u0131s\u0131r).<\/p>\n\n\n\n<figure class=\"wp-block-image size-full\"><img loading=\"lazy\" decoding=\"async\" width=\"1024\" height=\"129\" src=\"https:\/\/nuggets.youtheclub.eu\/wp-content\/uploads\/2025\/03\/logos-for-the-site-1024x129-1.jpg\" alt=\"\" class=\"wp-image-671\" srcset=\"https:\/\/nuggets.youtheclub.eu\/wp-content\/uploads\/2025\/03\/logos-for-the-site-1024x129-1.jpg 1024w, https:\/\/nuggets.youtheclub.eu\/wp-content\/uploads\/2025\/03\/logos-for-the-site-1024x129-1-300x38.jpg 300w, https:\/\/nuggets.youtheclub.eu\/wp-content\/uploads\/2025\/03\/logos-for-the-site-1024x129-1-768x97.jpg 768w\" sizes=\"auto, (max-width: 1024px) 100vw, 1024px\" \/><\/figure>\n\n\n\n<div class=\"wp-block-columns alignwide is-layout-flex wp-container-core-columns-is-layout-d0bbbce0 wp-block-columns-is-layout-flex\">\n<div class=\"wp-block-column is-layout-flow wp-container-core-column-is-layout-e3d1c41b wp-block-column-is-layout-flow\">\n<h2 class=\"wp-block-heading has-text-align-left\"><\/h2>\n\n\n\n<p class=\"has-text-align-left\"><\/p>\n<\/div>\n\n\n\n<div class=\"wp-block-column is-layout-flow wp-container-core-column-is-layout-e3d1c41b wp-block-column-is-layout-flow\">\n<h2 class=\"wp-block-heading has-text-align-left\"><\/h2>\n\n\n\n<p class=\"has-text-align-left\"><\/p>\n<\/div>\n\n\n\n<div class=\"wp-block-column is-layout-flow wp-container-core-column-is-layout-e3d1c41b wp-block-column-is-layout-flow\">\n<h2 class=\"wp-block-heading has-text-align-left\"><\/h2>\n\n\n\n<p class=\"has-text-align-left\"><\/p>\n<\/div>\n<\/div>\n\n\n\n<div style=\"height:var(--wp--preset--spacing--20)\" aria-hidden=\"true\" class=\"wp-block-spacer\"><\/div>\n<\/div>\n\n\n\n<p><a href=\"https:\/\/nuggets.youtheclub.eu\/tr\/m\/\">Uygulama Ana Sayfas\u0131<\/a>&nbsp;|&nbsp;<a href=\"https:\/\/nuggets.youtheclub.eu\/tr\/m-about-the-project\/\">Proje Hakk\u0131nda<\/a>&nbsp;|&nbsp;<a href=\"https:\/\/nuggets.youtheclub.eu\/tr\/m-nuggets\/\">Bilgiler<\/a>| &nbsp;<a href=\"https:\/\/yeshub.gogocarto.fr\/map#\/carte\/@36.19,23.82,5z?cat=all\">CBS Haritas\u0131<\/a><\/p>\n\n\n\n<p><\/p>\n","protected":false},"excerpt":{"rendered":"<p>Bir dil se\u00e7iniz \u0130ngilizce\u00a0|\u00a0Frans\u0131zca\u00a0|\u00a0Yunanca\u00a0|\u00a0Arap\u00e7a\u00a0|\u00a0T\u00fcrk\u00e7e The YES Hub &#8211; Youth Entrepreneurs Social Hub, Avrupa Birli\u011fi\u2019nin Erasmus+ Program\u0131 kapsam\u0131nda finanse edilen uluslararas\u0131 bir projedir. Bu proje, \u00f6zellikle daha az f\u0131rsata sahip gen\u00e7lerin sosyal giri\u015fimcilik ve vatanda\u015fl\u0131k kat\u0131l\u0131m\u0131 alanlar\u0131nda beceriler geli\u015ftirmelerini desteklemeyi ama\u00e7lamaktad\u0131r. www.youtheclub.eu \u00e7evrimi\u00e7i platformu ve mobil uygulamas\u0131 arac\u0131l\u0131\u011f\u0131yla proje, gen\u00e7lerin fikirlerini somut topluluk giri\u015fimlerine ve sosyal [&hellip;]<\/p>\n","protected":false},"author":1,"featured_media":0,"parent":0,"menu_order":0,"comment_status":"closed","ping_status":"closed","template":"","meta":{"_uag_custom_page_level_css":"","ngg_post_thumbnail":0,"footnotes":""},"class_list":["post-668","page","type-page","status-publish","hentry"],"uagb_featured_image_src":{"full":false,"thumbnail":false,"medium":false,"medium_large":false,"large":false,"1536x1536":false,"2048x2048":false},"uagb_author_info":{"display_name":"sidik","author_link":"https:\/\/nuggets.youtheclub.eu\/tr\/author\/sidik\/"},"uagb_comment_info":0,"uagb_excerpt":"Bir dil se\u00e7iniz \u0130ngilizce\u00a0|\u00a0Frans\u0131zca\u00a0|\u00a0Yunanca\u00a0|\u00a0Arap\u00e7a\u00a0|\u00a0T\u00fcrk\u00e7e The YES Hub &#8211; Youth Entrepreneurs Social Hub, Avrupa Birli\u011fi\u2019nin Erasmus+ Program\u0131 kapsam\u0131nda finanse edilen uluslararas\u0131 bir projedir. Bu proje, \u00f6zellikle daha az f\u0131rsata sahip gen\u00e7lerin sosyal giri\u015fimcilik ve vatanda\u015fl\u0131k kat\u0131l\u0131m\u0131 alanlar\u0131nda beceriler geli\u015ftirmelerini desteklemeyi ama\u00e7lamaktad\u0131r. www.youtheclub.eu \u00e7evrimi\u00e7i platformu ve mobil uygulamas\u0131 arac\u0131l\u0131\u011f\u0131yla proje, gen\u00e7lerin fikirlerini somut topluluk giri\u015fimlerine ve sosyal&hellip;","_links":{"self":[{"href":"https:\/\/nuggets.youtheclub.eu\/tr\/wp-json\/wp\/v2\/pages\/668","targetHints":{"allow":["GET"]}}],"collection":[{"href":"https:\/\/nuggets.youtheclub.eu\/tr\/wp-json\/wp\/v2\/pages"}],"about":[{"href":"https:\/\/nuggets.youtheclub.eu\/tr\/wp-json\/wp\/v2\/types\/page"}],"author":[{"embeddable":true,"href":"https:\/\/nuggets.youtheclub.eu\/tr\/wp-json\/wp\/v2\/users\/1"}],"replies":[{"embeddable":true,"href":"https:\/\/nuggets.youtheclub.eu\/tr\/wp-json\/wp\/v2\/comments?post=668"}],"version-history":[{"count":8,"href":"https:\/\/nuggets.youtheclub.eu\/tr\/wp-json\/wp\/v2\/pages\/668\/revisions"}],"predecessor-version":[{"id":746,"href":"https:\/\/nuggets.youtheclub.eu\/tr\/wp-json\/wp\/v2\/pages\/668\/revisions\/746"}],"wp:attachment":[{"href":"https:\/\/nuggets.youtheclub.eu\/tr\/wp-json\/wp\/v2\/media?parent=668"}],"curies":[{"name":"wp","href":"https:\/\/api.w.org\/{rel}","templated":true}]}}