{"id":529,"date":"2025-03-19T22:33:06","date_gmt":"2025-03-19T21:33:06","guid":{"rendered":"https:\/\/nuggets.youtheclub.eu\/?page_id=529"},"modified":"2025-03-19T22:33:50","modified_gmt":"2025-03-19T21:33:50","slug":"negotiation-and-conflict-resolution","status":"publish","type":"page","link":"https:\/\/nuggets.youtheclub.eu\/tr\/m-nuggets\/negotiation-and-conflict-resolution\/","title":{"rendered":"Zihinsel \u0130leti\u015fim ve \u00c7at\u0131\u015fma \u00c7\u00f6z\u00fcm\u00fc"},"content":{"rendered":"\n<div class=\"wp-block-group alignwide has-global-padding is-layout-constrained wp-block-group-is-layout-constrained\">\n<h1 class=\"wp-block-heading alignwide has-xx-large-font-size\" style=\"line-height:1.2\"><div class=\"h5p-iframe-wrapper\"><iframe id=\"h5p-iframe-65\" class=\"h5p-iframe\" data-content-id=\"65\" style=\"height:1px\" src=\"about:blank\" frameBorder=\"0\" scrolling=\"no\" title=\"Zihinsel \u0130leti\u015fim ve \u00c7at\u0131\u015fma \u00c7\u00f6z\u00fcm\u00fc\"><\/iframe><\/div><\/h1>\n\n\n\n<p><\/p>\n<\/div>\n\n\n\n<div class=\"wp-block-buttons is-layout-flex wp-block-buttons-is-layout-flex\">\n<div class=\"wp-block-button\"><a class=\"wp-block-button__link wp-element-button\" href=\"https:\/\/e-learning.youtheclub.eu\/course\/view.php?id=39\" target=\"_blank\" rel=\"noreferrer noopener\">Kursu ziyaret et<\/a><\/div>\n\n\n\n<div class=\"wp-block-button\"><a class=\"wp-block-button__link wp-element-button\" href=\"https:\/\/nuggets.youtheclub.eu\/tr\/m-nuggets\">Ana Sayfa<\/a><\/div>\n<\/div>\n","protected":false},"excerpt":{"rendered":"","protected":false},"author":1,"featured_media":0,"parent":450,"menu_order":0,"comment_status":"closed","ping_status":"closed","template":"","meta":{"_uag_custom_page_level_css":"","ngg_post_thumbnail":0,"footnotes":""},"class_list":["post-529","page","type-page","status-publish","hentry"],"uagb_featured_image_src":{"full":false,"thumbnail":false,"medium":false,"medium_large":false,"large":false,"1536x1536":false,"2048x2048":false},"uagb_author_info":{"display_name":"sidik","author_link":"https:\/\/nuggets.youtheclub.eu\/tr\/author\/sidik\/"},"uagb_comment_info":0,"uagb_excerpt":null,"_links":{"self":[{"href":"https:\/\/nuggets.youtheclub.eu\/tr\/wp-json\/wp\/v2\/pages\/529","targetHints":{"allow":["GET"]}}],"collection":[{"href":"https:\/\/nuggets.youtheclub.eu\/tr\/wp-json\/wp\/v2\/pages"}],"about":[{"href":"https:\/\/nuggets.youtheclub.eu\/tr\/wp-json\/wp\/v2\/types\/page"}],"author":[{"embeddable":true,"href":"https:\/\/nuggets.youtheclub.eu\/tr\/wp-json\/wp\/v2\/users\/1"}],"replies":[{"embeddable":true,"href":"https:\/\/nuggets.youtheclub.eu\/tr\/wp-json\/wp\/v2\/comments?post=529"}],"version-history":[{"count":5,"href":"https:\/\/nuggets.youtheclub.eu\/tr\/wp-json\/wp\/v2\/pages\/529\/revisions"}],"predecessor-version":[{"id":575,"href":"https:\/\/nuggets.youtheclub.eu\/tr\/wp-json\/wp\/v2\/pages\/529\/revisions\/575"}],"up":[{"embeddable":true,"href":"https:\/\/nuggets.youtheclub.eu\/tr\/wp-json\/wp\/v2\/pages\/450"}],"wp:attachment":[{"href":"https:\/\/nuggets.youtheclub.eu\/tr\/wp-json\/wp\/v2\/media?parent=529"}],"curies":[{"name":"wp","href":"https:\/\/api.w.org\/{rel}","templated":true}]}}