{"id":461,"date":"2025-03-16T11:42:58","date_gmt":"2025-03-16T10:42:58","guid":{"rendered":"https:\/\/nuggets.youtheclub.eu\/?page_id=461"},"modified":"2026-03-28T10:14:58","modified_gmt":"2026-03-28T09:14:58","slug":"m","status":"publish","type":"page","link":"https:\/\/nuggets.youtheclub.eu\/tr\/m\/","title":{"rendered":"YES HUB mobil uygulamas\u0131"},"content":{"rendered":"\n<div class=\"wp-block-group alignfull has-base-2-background-color has-background has-global-padding is-layout-constrained wp-container-core-group-is-layout-669513ed wp-block-group-is-layout-constrained\" style=\"margin-top:0;margin-bottom:0;padding-top:var(--wp--preset--spacing--50);padding-right:var(--wp--preset--spacing--50);padding-bottom:var(--wp--preset--spacing--50);padding-left:var(--wp--preset--spacing--50)\">\n<p class=\"has-text-align-center\">Bir dil se\u00e7iniz<\/p>\n\n\n\n<p class=\"has-text-align-center\"><a href=\"https:\/\/nuggets.youtheclub.eu\/en\/m\">\u0130ngilizce<\/a>&nbsp;|&nbsp;<a href=\"https:\/\/nuggets.youtheclub.eu\/fr\/m\">Frans\u0131zca<\/a>&nbsp;|&nbsp;<a href=\"https:\/\/nuggets.youtheclub.eu\/el\/m\">Yunanca<\/a>&nbsp;|&nbsp;<a href=\"https:\/\/nuggets.youtheclub.eu\/ar\/m\">Arap\u00e7a<\/a>&nbsp;|&nbsp;<a href=\"https:\/\/nuggets.youtheclub.eu\/tr\/m\">T\u00fcrk\u00e7e<\/a><\/p>\n\n\n\n<div class=\"wp-block-columns alignwide is-layout-flex wp-container-core-columns-is-layout-d0bbbce0 wp-block-columns-is-layout-flex\">\n<div class=\"wp-block-column is-layout-flow wp-container-core-column-is-layout-e3d1c41b wp-block-column-is-layout-flow\">\n<h2 class=\"wp-block-heading has-text-align-left\"><\/h2>\n\n\n\n<p class=\"has-text-align-left\"><a href=\"https:\/\/nuggets.youtheclub.eu\/tr\/m-nuggets\/\" data-type=\"page\" data-id=\"450\"><img loading=\"lazy\" decoding=\"async\" width=\"400\" height=\"267\" class=\"wp-image-476\" style=\"width: 400px;\" src=\"https:\/\/nuggets.youtheclub.eu\/wp-content\/uploads\/2025\/03\/landing-nuggets.jpg\" alt=\"\" srcset=\"https:\/\/nuggets.youtheclub.eu\/wp-content\/uploads\/2025\/03\/landing-nuggets.jpg 2338w, https:\/\/nuggets.youtheclub.eu\/wp-content\/uploads\/2025\/03\/landing-nuggets-300x200.jpg 300w, https:\/\/nuggets.youtheclub.eu\/wp-content\/uploads\/2025\/03\/landing-nuggets-1024x683.jpg 1024w, https:\/\/nuggets.youtheclub.eu\/wp-content\/uploads\/2025\/03\/landing-nuggets-768x512.jpg 768w, https:\/\/nuggets.youtheclub.eu\/wp-content\/uploads\/2025\/03\/landing-nuggets-1536x1024.jpg 1536w, https:\/\/nuggets.youtheclub.eu\/wp-content\/uploads\/2025\/03\/landing-nuggets-2048x1366.jpg 2048w\" sizes=\"auto, (max-width: 400px) 100vw, 400px\" \/><\/a><\/p>\n<\/div>\n\n\n\n<div class=\"wp-block-column is-layout-flow wp-container-core-column-is-layout-e3d1c41b wp-block-column-is-layout-flow\">\n<h2 class=\"wp-block-heading has-text-align-left\"><\/h2>\n\n\n\n<p class=\"has-text-align-left\"><a href=\"https:\/\/yeshub.gogocarto.fr\/map#\/carte\/@36.19,23.82,5z?cat=all\" data-type=\"page\" data-id=\"463\"><img loading=\"lazy\" decoding=\"async\" width=\"400\" height=\"266\" class=\"wp-image-475\" style=\"width: 400px;\" src=\"https:\/\/nuggets.youtheclub.eu\/wp-content\/uploads\/2025\/03\/landing-gis.jpg\" alt=\"\" srcset=\"https:\/\/nuggets.youtheclub.eu\/wp-content\/uploads\/2025\/03\/landing-gis.jpg 2350w, https:\/\/nuggets.youtheclub.eu\/wp-content\/uploads\/2025\/03\/landing-gis-300x199.jpg 300w, https:\/\/nuggets.youtheclub.eu\/wp-content\/uploads\/2025\/03\/landing-gis-1024x680.jpg 1024w, https:\/\/nuggets.youtheclub.eu\/wp-content\/uploads\/2025\/03\/landing-gis-768x510.jpg 768w, https:\/\/nuggets.youtheclub.eu\/wp-content\/uploads\/2025\/03\/landing-gis-1536x1020.jpg 1536w, https:\/\/nuggets.youtheclub.eu\/wp-content\/uploads\/2025\/03\/landing-gis-2048x1360.jpg 2048w\" sizes=\"auto, (max-width: 400px) 100vw, 400px\" \/><\/a><\/p>\n<\/div>\n<\/div>\n\n\n\n<div style=\"height:var(--wp--preset--spacing--20)\" aria-hidden=\"true\" class=\"wp-block-spacer\"><\/div>\n\n\n\n<div class=\"wp-block-columns is-layout-flex wp-container-core-columns-is-layout-28f84493 wp-block-columns-is-layout-flex\">\n<div class=\"wp-block-column is-layout-flow wp-block-column-is-layout-flow\"><\/div>\n\n\n\n<div class=\"wp-block-column is-layout-flow wp-block-column-is-layout-flow\"><\/div>\n<\/div>\n<\/div>\n\n\n\n<p><a href=\"https:\/\/nuggets.youtheclub.eu\/tr\/m\/\">Uygulama Ana Sayfas\u0131<\/a> | <a href=\"https:\/\/nuggets.youtheclub.eu\/tr\/m-about-the-project\/\" data-type=\"page\" data-id=\"668\">Proje Hakk\u0131nda<\/a> | <a href=\"https:\/\/nuggets.youtheclub.eu\/tr\/m-nuggets\/\" data-type=\"page\" data-id=\"450\">Bilgiler <\/a>| <a href=\"https:\/\/yeshub.gogocarto.fr\/map#\/carte\/@36.19,23.82,5z?cat=all\">CBS Haritas\u0131<\/a><\/p>\n","protected":false},"excerpt":{"rendered":"<p>Bir dil se\u00e7iniz \u0130ngilizce&nbsp;|&nbsp;Frans\u0131zca&nbsp;|&nbsp;Yunanca&nbsp;|&nbsp;Arap\u00e7a&nbsp;|&nbsp;T\u00fcrk\u00e7e Uygulama Ana Sayfas\u0131 | Proje Hakk\u0131nda | Bilgiler | CBS Haritas\u0131<\/p>\n","protected":false},"author":1,"featured_media":0,"parent":0,"menu_order":0,"comment_status":"closed","ping_status":"closed","template":"","meta":{"_uag_custom_page_level_css":"","ngg_post_thumbnail":0,"footnotes":""},"class_list":["post-461","page","type-page","status-publish","hentry"],"uagb_featured_image_src":{"full":false,"thumbnail":false,"medium":false,"medium_large":false,"large":false,"1536x1536":false,"2048x2048":false},"uagb_author_info":{"display_name":"sidik","author_link":"https:\/\/nuggets.youtheclub.eu\/tr\/author\/sidik\/"},"uagb_comment_info":0,"uagb_excerpt":"Bir dil se\u00e7iniz \u0130ngilizce&nbsp;|&nbsp;Frans\u0131zca&nbsp;|&nbsp;Yunanca&nbsp;|&nbsp;Arap\u00e7a&nbsp;|&nbsp;T\u00fcrk\u00e7e Uygulama Ana Sayfas\u0131 | Proje Hakk\u0131nda | Bilgiler | CBS Haritas\u0131","_links":{"self":[{"href":"https:\/\/nuggets.youtheclub.eu\/tr\/wp-json\/wp\/v2\/pages\/461","targetHints":{"allow":["GET"]}}],"collection":[{"href":"https:\/\/nuggets.youtheclub.eu\/tr\/wp-json\/wp\/v2\/pages"}],"about":[{"href":"https:\/\/nuggets.youtheclub.eu\/tr\/wp-json\/wp\/v2\/types\/page"}],"author":[{"embeddable":true,"href":"https:\/\/nuggets.youtheclub.eu\/tr\/wp-json\/wp\/v2\/users\/1"}],"replies":[{"embeddable":true,"href":"https:\/\/nuggets.youtheclub.eu\/tr\/wp-json\/wp\/v2\/comments?post=461"}],"version-history":[{"count":30,"href":"https:\/\/nuggets.youtheclub.eu\/tr\/wp-json\/wp\/v2\/pages\/461\/revisions"}],"predecessor-version":[{"id":804,"href":"https:\/\/nuggets.youtheclub.eu\/tr\/wp-json\/wp\/v2\/pages\/461\/revisions\/804"}],"wp:attachment":[{"href":"https:\/\/nuggets.youtheclub.eu\/tr\/wp-json\/wp\/v2\/media?parent=461"}],"curies":[{"name":"wp","href":"https:\/\/api.w.org\/{rel}","templated":true}]}}