{"id":668,"date":"2025-03-29T12:28:25","date_gmt":"2025-03-29T11:28:25","guid":{"rendered":"https:\/\/nuggets.youtheclub.eu\/?page_id=668"},"modified":"2025-06-07T11:08:57","modified_gmt":"2025-06-07T09:08:57","slug":"m-about-the-project","status":"publish","type":"page","link":"https:\/\/nuggets.youtheclub.eu\/fr\/m-about-the-project\/","title":{"rendered":"\u00c0 propos du projet"},"content":{"rendered":"\n<div class=\"wp-block-group alignfull has-base-2-background-color has-background has-global-padding is-layout-constrained wp-container-core-group-is-layout-669513ed wp-block-group-is-layout-constrained\" style=\"margin-top:0;margin-bottom:0;padding-top:var(--wp--preset--spacing--50);padding-right:var(--wp--preset--spacing--50);padding-bottom:var(--wp--preset--spacing--50);padding-left:var(--wp--preset--spacing--50)\">\n<p class=\"has-text-align-center\">S\u00e9lectionnez une langue<\/p>\n\n\n\n<p class=\"has-text-align-center\"><a href=\"https:\/\/nuggets.youtheclub.eu\/en\/m\">Anglais<\/a>\u00a0|\u00a0<a href=\"https:\/\/nuggets.youtheclub.eu\/fr\/m\">Fran\u00e7ais<\/a>\u00a0|\u00a0<a href=\"https:\/\/nuggets.youtheclub.eu\/el\/m\">Grec<\/a>\u00a0|\u00a0<a href=\"https:\/\/nuggets.youtheclub.eu\/ar\/m\">Arabe\u00a0<\/a>|\u00a0<a href=\"https:\/\/nuggets.youtheclub.eu\/tr\/m\">Turc<\/a><\/p>\n\n\n\n<p><\/p>\n\n\n\n<p><strong>Le YES Hub &#8211; Centre Social des Jeunes Entrepreneurs<\/strong> est un projet international financ\u00e9 par l&rsquo;Union europ\u00e9enne dans le cadre du programme Erasmus+. Il vise \u00e0 autonomiser les jeunes, en particulier ceux ayant moins d&rsquo;opportunit\u00e9s, afin de d\u00e9velopper des comp\u00e9tences en entrepreneuriat social et en engagement civique. Gr\u00e2ce \u00e0 la plateforme en ligne <a class=\"\" href=\"http:\/\/www.youtheclub.eu\">www.youtheclub.eu<\/a> et \u00e0 son application mobile, le projet propose des formations interactives, du mentorat et des opportunit\u00e9s de r\u00e9seautage pour aider les jeunes \u00e0 transformer leurs id\u00e9es en initiatives communautaires concr\u00e8tes et en entreprises sociales.<\/p>\n\n\n\n<p>Le projet est mis en \u0153uvre par un partenariat solide de six organisations : Monopatia Allilegiis (Gr\u00e8ce), Al-Emad Alkabeer for Training and Development Co. (Jordanie), Association de Volontariat et \u00c9change Culturel et Action des Jeunes &#8211; AVEC (Tunisie), Middle East Technical University &#8211; METU (Turquie), Arrimage Good\u2019iles (France), et Training Without Borders (\u00c9gypte).<\/p>\n\n\n\n<figure class=\"wp-block-image size-full\"><img loading=\"lazy\" decoding=\"async\" width=\"1024\" height=\"129\" src=\"https:\/\/nuggets.youtheclub.eu\/wp-content\/uploads\/2025\/03\/logos-for-the-site-1024x129-1.jpg\" alt=\"\" class=\"wp-image-671\" srcset=\"https:\/\/nuggets.youtheclub.eu\/wp-content\/uploads\/2025\/03\/logos-for-the-site-1024x129-1.jpg 1024w, https:\/\/nuggets.youtheclub.eu\/wp-content\/uploads\/2025\/03\/logos-for-the-site-1024x129-1-300x38.jpg 300w, https:\/\/nuggets.youtheclub.eu\/wp-content\/uploads\/2025\/03\/logos-for-the-site-1024x129-1-768x97.jpg 768w\" sizes=\"auto, (max-width: 1024px) 100vw, 1024px\" \/><\/figure>\n\n\n\n<div class=\"wp-block-columns alignwide is-layout-flex wp-container-core-columns-is-layout-d0bbbce0 wp-block-columns-is-layout-flex\">\n<div class=\"wp-block-column is-layout-flow wp-container-core-column-is-layout-e3d1c41b wp-block-column-is-layout-flow\">\n<h2 class=\"wp-block-heading has-text-align-left\"><\/h2>\n\n\n\n<p class=\"has-text-align-left\"><\/p>\n<\/div>\n\n\n\n<div class=\"wp-block-column is-layout-flow wp-container-core-column-is-layout-e3d1c41b wp-block-column-is-layout-flow\">\n<h2 class=\"wp-block-heading has-text-align-left\"><\/h2>\n\n\n\n<p class=\"has-text-align-left\"><\/p>\n<\/div>\n\n\n\n<div class=\"wp-block-column is-layout-flow wp-container-core-column-is-layout-e3d1c41b wp-block-column-is-layout-flow\">\n<h2 class=\"wp-block-heading has-text-align-left\"><\/h2>\n\n\n\n<p class=\"has-text-align-left\"><\/p>\n<\/div>\n<\/div>\n\n\n\n<div style=\"height:var(--wp--preset--spacing--20)\" aria-hidden=\"true\" class=\"wp-block-spacer\"><\/div>\n<\/div>\n\n\n\n<p><a href=\"https:\/\/nuggets.youtheclub.eu\/fr\/m\/\">Accueil de l\u2019application<\/a>\u00a0|\u00a0<a href=\"https:\/\/nuggets.youtheclub.eu\/fr\/m-about-the-project\/\">\u00c0 propos du projet<\/a>\u00a0|\u00a0<a href=\"https:\/\/nuggets.youtheclub.eu\/fr\/m-nuggets\/\">Nuggets\u00a0<\/a>|\u00a0<a href=\"https:\/\/yeshub.gogocarto.fr\/map#\/carte\/@36.19,23.82,5z?cat=all\">Carte SIG<\/a><\/p>\n","protected":false},"excerpt":{"rendered":"<p>S\u00e9lectionnez une langue Anglais\u00a0|\u00a0Fran\u00e7ais\u00a0|\u00a0Grec\u00a0|\u00a0Arabe\u00a0|\u00a0Turc Le YES Hub &#8211; Centre Social des Jeunes Entrepreneurs est un projet international financ\u00e9 par l&rsquo;Union europ\u00e9enne dans le cadre du programme Erasmus+. Il vise \u00e0 autonomiser les jeunes, en particulier ceux ayant moins d&rsquo;opportunit\u00e9s, afin de d\u00e9velopper des comp\u00e9tences en entrepreneuriat social et en engagement civique. Gr\u00e2ce \u00e0 la plateforme [&hellip;]<\/p>\n","protected":false},"author":1,"featured_media":0,"parent":0,"menu_order":0,"comment_status":"closed","ping_status":"closed","template":"","meta":{"_uag_custom_page_level_css":"","ngg_post_thumbnail":0,"footnotes":""},"class_list":["post-668","page","type-page","status-publish","hentry"],"uagb_featured_image_src":{"full":false,"thumbnail":false,"medium":false,"medium_large":false,"large":false,"1536x1536":false,"2048x2048":false},"uagb_author_info":{"display_name":"sidik","author_link":"https:\/\/nuggets.youtheclub.eu\/fr\/author\/sidik\/"},"uagb_comment_info":0,"uagb_excerpt":"S\u00e9lectionnez une langue Anglais\u00a0|\u00a0Fran\u00e7ais\u00a0|\u00a0Grec\u00a0|\u00a0Arabe\u00a0|\u00a0Turc Le YES Hub &#8211; Centre Social des Jeunes Entrepreneurs est un projet international financ\u00e9 par l&rsquo;Union europ\u00e9enne dans le cadre du programme Erasmus+. Il vise \u00e0 autonomiser les jeunes, en particulier ceux ayant moins d&rsquo;opportunit\u00e9s, afin de d\u00e9velopper des comp\u00e9tences en entrepreneuriat social et en engagement civique. Gr\u00e2ce \u00e0 la plateforme\u2026","_links":{"self":[{"href":"https:\/\/nuggets.youtheclub.eu\/fr\/wp-json\/wp\/v2\/pages\/668","targetHints":{"allow":["GET"]}}],"collection":[{"href":"https:\/\/nuggets.youtheclub.eu\/fr\/wp-json\/wp\/v2\/pages"}],"about":[{"href":"https:\/\/nuggets.youtheclub.eu\/fr\/wp-json\/wp\/v2\/types\/page"}],"author":[{"embeddable":true,"href":"https:\/\/nuggets.youtheclub.eu\/fr\/wp-json\/wp\/v2\/users\/1"}],"replies":[{"embeddable":true,"href":"https:\/\/nuggets.youtheclub.eu\/fr\/wp-json\/wp\/v2\/comments?post=668"}],"version-history":[{"count":8,"href":"https:\/\/nuggets.youtheclub.eu\/fr\/wp-json\/wp\/v2\/pages\/668\/revisions"}],"predecessor-version":[{"id":746,"href":"https:\/\/nuggets.youtheclub.eu\/fr\/wp-json\/wp\/v2\/pages\/668\/revisions\/746"}],"wp:attachment":[{"href":"https:\/\/nuggets.youtheclub.eu\/fr\/wp-json\/wp\/v2\/media?parent=668"}],"curies":[{"name":"wp","href":"https:\/\/api.w.org\/{rel}","templated":true}]}}